{"id":801,"date":"2020-11-27T10:55:09","date_gmt":"2020-11-27T09:55:09","guid":{"rendered":"https:\/\/urologiaandorra.com\/?page_id=801"},"modified":"2020-11-30T13:33:30","modified_gmt":"2020-11-30T12:33:30","slug":"urolitiasi","status":"publish","type":"page","link":"https:\/\/urologiaandorra.com\/ca\/urolitiasi\/","title":{"rendered":"Urolitiasi"},"content":{"rendered":"<p>[et_pb_section fb_built=&#8221;1&#8243; disabled_on=&#8221;on|on|off&#8221; _builder_version=&#8221;4.6.6&#8243; _module_preset=&#8221;default&#8221; custom_padding=&#8221;0px||4px||false|false&#8221;][et_pb_row _builder_version=&#8221;4.6.6&#8243; _module_preset=&#8221;default&#8221; custom_padding=&#8221;0px||||false|false&#8221;][et_pb_column type=&#8221;4_4&#8243; _builder_version=&#8221;4.6.6&#8243; _module_preset=&#8221;default&#8221;][et_pb_image src=&#8221;https:\/\/urologiaandorra.com\/wp-content\/uploads\/2020\/11\/enfermedades_page.jpg&#8221; title_text=&#8221;enfermedades_page&#8221; align=&#8221;center&#8221; force_fullwidth=&#8221;on&#8221; _builder_version=&#8221;4.6.6&#8243; _module_preset=&#8221;default&#8221;][\/et_pb_image][\/et_pb_column][\/et_pb_row][et_pb_row column_structure=&#8221;1_5,3_5,1_5&#8243; _builder_version=&#8221;4.6.6&#8243; _module_preset=&#8221;default&#8221; custom_padding=&#8221;36px||0px|||&#8221;][et_pb_column type=&#8221;1_5&#8243; _builder_version=&#8221;4.6.6&#8243; _module_preset=&#8221;default&#8221;][et_pb_divider divider_weight=&#8221;3px&#8221; disabled_on=&#8221;on|on|off&#8221; _builder_version=&#8221;4.6.6&#8243; _module_preset=&#8221;default&#8221; module_alignment=&#8221;center&#8221; custom_margin=&#8221;18px||||false|false&#8221; custom_margin_tablet=&#8221;0px||||false|false&#8221; custom_margin_phone=&#8221;&#8221; custom_margin_last_edited=&#8221;on|desktop&#8221;][\/et_pb_divider][\/et_pb_column][et_pb_column type=&#8221;3_5&#8243; _builder_version=&#8221;4.6.6&#8243; _module_preset=&#8221;default&#8221;][et_pb_text _builder_version=&#8221;4.6.6&#8243; _module_preset=&#8221;default&#8221; header_font=&#8221;Amiko|700|||||||&#8221; header_text_align=&#8221;center&#8221; header_text_color=&#8221;#009fe3&#8243; header_font_size=&#8221;33px&#8221; text_orientation=&#8221;center&#8221; header_font_size_tablet=&#8221;&#8221; header_font_size_phone=&#8221;25px&#8221; header_font_size_last_edited=&#8221;on|phone&#8221;]<\/p>\n<h1>MALALTIES I TRACTAMENTS<br \/>\n<\/h1>\n<p>[\/et_pb_text][\/et_pb_column][et_pb_column type=&#8221;1_5&#8243; _builder_version=&#8221;4.6.6&#8243; _module_preset=&#8221;default&#8221;][et_pb_divider divider_weight=&#8221;3px&#8221; disabled_on=&#8221;on|on|off&#8221; _builder_version=&#8221;4.6.6&#8243; _module_preset=&#8221;default&#8221; module_alignment=&#8221;center&#8221; custom_margin=&#8221;18px||||false|false&#8221; custom_margin_tablet=&#8221;0px||||false|false&#8221; custom_margin_phone=&#8221;0px||||false|false&#8221; custom_margin_last_edited=&#8221;on|phone&#8221; custom_padding=&#8221;0px||||false|false&#8221;][\/et_pb_divider][\/et_pb_column][\/et_pb_row][et_pb_row _builder_version=&#8221;4.6.6&#8243; _module_preset=&#8221;default&#8221;][et_pb_column type=&#8221;4_4&#8243; _builder_version=&#8221;4.6.6&#8243; _module_preset=&#8221;default&#8221;][et_pb_menu menu_id=&#8221;7&#8243; menu_style=&#8221;centered&#8221; active_link_color=&#8221;#009fe3&#8243; _builder_version=&#8221;4.6.6&#8243; _module_preset=&#8221;default&#8221; menu_font=&#8221;||||||||&#8221; menu_font_size=&#8221;16px&#8221;][\/et_pb_menu][et_pb_divider divider_weight=&#8221;3px&#8221; disabled_on=&#8221;on|on|off&#8221; _builder_version=&#8221;4.6.6&#8243; _module_preset=&#8221;default&#8221; module_alignment=&#8221;center&#8221; custom_margin=&#8221;18px||||false|false&#8221; custom_margin_tablet=&#8221;0px||||false|false&#8221; custom_margin_phone=&#8221;&#8221; custom_margin_last_edited=&#8221;on|desktop&#8221;][\/et_pb_divider][\/et_pb_column][\/et_pb_row][\/et_pb_section][et_pb_section fb_built=&#8221;1&#8243; fullwidth=&#8221;on&#8221; disabled_on=&#8221;off|off|on&#8221; _builder_version=&#8221;4.6.6&#8243; _module_preset=&#8221;default&#8221;][et_pb_fullwidth_image src=&#8221;https:\/\/urologiaandorra.com\/wp-content\/uploads\/2020\/11\/enfermedades_page.jpg&#8221; title_text=&#8221;enfermedades_page&#8221; _builder_version=&#8221;4.6.6&#8243; _module_preset=&#8221;default&#8221;][\/et_pb_fullwidth_image][\/et_pb_section][et_pb_section fb_built=&#8221;1&#8243; disabled_on=&#8221;off|off|on&#8221; _builder_version=&#8221;4.6.6&#8243; _module_preset=&#8221;default&#8221; custom_padding=&#8221;0px||4px||false|false&#8221;][et_pb_row _builder_version=&#8221;4.6.6&#8243; _module_preset=&#8221;default&#8221; custom_padding=&#8221;17px||1px|||&#8221;][et_pb_column type=&#8221;4_4&#8243; _builder_version=&#8221;4.6.6&#8243; _module_preset=&#8221;default&#8221;][et_pb_text _builder_version=&#8221;4.6.6&#8243; _module_preset=&#8221;default&#8221; header_font=&#8221;Amiko|700|||||||&#8221; header_text_align=&#8221;center&#8221; header_text_color=&#8221;#009fe3&#8243; header_font_size=&#8221;33px&#8221; text_orientation=&#8221;center&#8221; custom_margin=&#8221;||2px|||&#8221; header_font_size_tablet=&#8221;&#8221; header_font_size_phone=&#8221;25px&#8221; header_font_size_last_edited=&#8221;on|phone&#8221;]<\/p>\n<h1>MALALTIES I TRACTAMENTS<br \/>\n<\/h1>\n<p>[\/et_pb_text][et_pb_menu menu_id=&#8221;7&#8243; menu_style=&#8221;centered&#8221; active_link_color=&#8221;#009fe3&#8243; _builder_version=&#8221;4.6.6&#8243; _module_preset=&#8221;default&#8221; menu_font=&#8221;||||||||&#8221; menu_font_size=&#8221;16px&#8221; custom_margin=&#8221;||0px|||&#8221;][\/et_pb_menu][et_pb_divider divider_weight=&#8221;3px&#8221; disabled_on=&#8221;off|off|on&#8221; _builder_version=&#8221;4.6.6&#8243; _module_preset=&#8221;default&#8221; module_alignment=&#8221;center&#8221; custom_margin=&#8221;18px||||false|false&#8221; custom_margin_tablet=&#8221;0px||||false|false&#8221; custom_margin_phone=&#8221;&#8221; custom_margin_last_edited=&#8221;on|desktop&#8221;][\/et_pb_divider][\/et_pb_column][\/et_pb_row][\/et_pb_section][et_pb_section fb_built=&#8221;1&#8243; _builder_version=&#8221;4.6.6&#8243; _module_preset=&#8221;default&#8221; custom_margin=&#8221;-17px|||||&#8221; custom_padding=&#8221;0px||||false|false&#8221;][et_pb_row _builder_version=&#8221;4.6.6&#8243; _module_preset=&#8221;default&#8221; custom_margin=&#8221;0px|auto||auto||&#8221;][et_pb_column type=&#8221;4_4&#8243; _builder_version=&#8221;4.6.6&#8243; _module_preset=&#8221;default&#8221;][et_pb_text _builder_version=&#8221;4.6.6&#8243; _module_preset=&#8221;default&#8221; header_text_color=&#8221;#009fe3&#8243; header_3_text_color=&#8221;#009fe3&#8243; hover_enabled=&#8221;0&#8243; header_font_size_tablet=&#8221;&#8221; header_font_size_phone=&#8221;28px&#8221; header_font_size_last_edited=&#8221;on|phone&#8221; sticky_enabled=&#8221;0&#8243;]<\/p>\n<h1><strong>UROLITIASI<\/strong><\/h1>\n<p>&nbsp;<\/p>\n<p>La litiasi renal \u00e9s una malaltia cr\u00f2nica caracteritzada per la formaci\u00f3 de c\u00e0lculs a l\u2019aparell urinari, el tractament es fonamenta en mesures m\u00e8diques o quir\u00fargiques.<\/p>\n<p>La major part dels pacients tenen algun trastorn en el metabolisme dels components dels c\u00e0lculs, de les subst\u00e0ncies inhibidores de la formaci\u00f3 dels mateixos o de l\u2019pH de l\u2019orina.<\/p>\n<h3><\/h3>\n<p>[\/et_pb_text][\/et_pb_column][\/et_pb_row][et_pb_row column_structure=&#8221;1_3,1_3,1_3&#8243; _builder_version=&#8221;4.6.6&#8243; _module_preset=&#8221;default&#8221; custom_padding=&#8221;||49px|||&#8221;][et_pb_column type=&#8221;1_3&#8243; _builder_version=&#8221;4.6.6&#8243; _module_preset=&#8221;default&#8221;][et_pb_image src=&#8221;https:\/\/urologiaandorra.com\/wp-content\/uploads\/2020\/11\/sintomes_Picto.png&#8221; title_text=&#8221;sintomes_Picto&#8221; align=&#8221;center&#8221; _builder_version=&#8221;4.6.6&#8243; _module_preset=&#8221;default&#8221;][\/et_pb_image][et_pb_text _builder_version=&#8221;4.6.6&#8243; _module_preset=&#8221;default&#8221; text_text_color=&#8221;#009fe3&#8243; text_font_size=&#8221;19px&#8221; header_font=&#8221;|700|||||||&#8221; header_text_color=&#8221;#009fe3&#8243; header_font_size=&#8221;27px&#8221; custom_margin=&#8221;||30px||false|false&#8221; custom_padding=&#8221;15px||||false|false&#8221; header_font_size_tablet=&#8221;27px&#8221; header_font_size_phone=&#8221;22px&#8221; header_font_size_last_edited=&#8221;on|tablet&#8221; border_width_top=&#8221;2px&#8221; border_color_top=&#8221;#009fe3&#8243; border_width_bottom=&#8221;2px&#8221; border_color_bottom=&#8221;#009fe3&#8243;]<\/p>\n<h1 style=\"text-align: center;\"> S\u00cdMPTOMES <\/h1>\n<p>[\/et_pb_text][et_pb_text _builder_version=&#8221;4.6.6&#8243; _module_preset=&#8221;default&#8221; text_text_color=&#8221;#009fe3&#8243; text_font_size=&#8221;19px&#8221; text_line_height=&#8221;1.4em&#8221; header_font=&#8221;|700|||||||&#8221; header_text_color=&#8221;#009fe3&#8243; header_font_size=&#8221;38px&#8221; custom_margin=&#8221;-12px|||||&#8221; hover_enabled=&#8221;0&#8243; header_font_size_tablet=&#8221;35px&#8221; header_font_size_phone=&#8221;&#8221; header_font_size_last_edited=&#8221;on|desktop&#8221; sticky_enabled=&#8221;0&#8243;]<\/p>\n<p>Les formes de presentaci\u00f3 cl\u00ednica de la litiasi renal s\u00f3n variables depenent de la mida, localitzaci\u00f3 i composici\u00f3 dels c\u00e0lculs en l\u2019aparell urinari.<\/p>\n<p><strong>C\u00f2lic nefr\u00edtic:<\/strong><span>\u00a0<\/span>dolor molt intens, que es produeix per l\u2019obstrucci\u00f3 de la sortida d\u2019orina del rony\u00f3, apareix a la zona lumbar i s\u2019irradia cap a l\u2019abdomen anterior i els genitals. \u00c9s un dolor intermitent, inquietant, que s\u2019associa a n\u00e0usees, v\u00f2mits i sudoraci\u00f3. Pot arribar a donar febre.<\/p>\n<p><strong>Hemat\u00faria:<\/strong><span>\u00a0<\/span>\u00e9s l\u2019aparici\u00f3 de sang a l\u2019orina. Pot ser visible a ull nu o no. Es produeix per les lesions que produeix el c\u00e0lcul en el seu pas per la via urin\u00e0ria.<\/p>\n<p><strong>Infeccions d\u2019orina:<\/strong><span>\u00a0<\/span>els c\u00e0lculs renals poden ser causa o conseq\u00fc\u00e8ncia d\u2019infeccions freq\u00fcents de l\u2019orina.<\/p>\n<p>[\/et_pb_text][\/et_pb_column][et_pb_column type=&#8221;1_3&#8243; _builder_version=&#8221;4.6.6&#8243; _module_preset=&#8221;default&#8221;][et_pb_image src=&#8221;https:\/\/urologiaandorra.com\/wp-content\/uploads\/2020\/11\/factors_Picto.png&#8221; title_text=&#8221;factors_Picto&#8221; align=&#8221;center&#8221; _builder_version=&#8221;4.6.6&#8243; _module_preset=&#8221;default&#8221;][\/et_pb_image][et_pb_text _builder_version=&#8221;4.6.6&#8243; _module_preset=&#8221;default&#8221; text_text_color=&#8221;#009fe3&#8243; text_font_size=&#8221;19px&#8221; header_font=&#8221;|700|||||||&#8221; header_text_color=&#8221;#009fe3&#8243; header_font_size=&#8221;27px&#8221; custom_margin=&#8221;||30px||false|false&#8221; custom_padding=&#8221;15px||||false|false&#8221; header_font_size_tablet=&#8221;27px&#8221; header_font_size_phone=&#8221;22px&#8221; header_font_size_last_edited=&#8221;on|phone&#8221; border_width_top=&#8221;2px&#8221; border_color_top=&#8221;#009fe3&#8243; border_width_bottom=&#8221;2px&#8221; border_color_bottom=&#8221;#009fe3&#8243;]<\/p>\n<h1 style=\"text-align: center;\">FACTORS DE RISC<br \/>\n<\/h1>\n<p>[\/et_pb_text][et_pb_text _builder_version=&#8221;4.6.6&#8243; _module_preset=&#8221;default&#8221; text_text_color=&#8221;#009fe3&#8243; text_font_size=&#8221;19px&#8221; text_line_height=&#8221;1.4em&#8221; header_font=&#8221;|700|||||||&#8221; header_text_color=&#8221;#009fe3&#8243; header_font_size=&#8221;38px&#8221; custom_margin=&#8221;-12px|||||&#8221; hover_enabled=&#8221;0&#8243; text_font_size_tablet=&#8221;&#8221; text_font_size_phone=&#8221;&#8221; text_font_size_last_edited=&#8221;on|phone&#8221; header_font_size_tablet=&#8221;35px&#8221; header_font_size_phone=&#8221;&#8221; header_font_size_last_edited=&#8221;on|desktop&#8221; sticky_enabled=&#8221;0&#8243;]<\/p>\n<ul>\n<li>Factors ambientals: com la dieta, lloc de treball, climes c\u00e0lids.<\/li>\n<li>Gen\u00e9tics: familiars de l\u00ednia directa amb litiasi.<\/li>\n<li><strong>Metab\u00f2lics:<\/strong><span>\u00a0<\/span>La major part dels pacients tenen algun trastorn en el metabolisme o excreci\u00f3 dels components dels c\u00e0lculs, pacients amb alteracions del metabolisme de l\u2019\u00c0cid \u00daric (gota).<\/li>\n<li><strong>Medicaments:<\/strong><span>\u00a0<\/span>Vitamina C, Calci.<\/li>\n<\/ul>\n<p>[\/et_pb_text][\/et_pb_column][et_pb_column type=&#8221;1_3&#8243; _builder_version=&#8221;4.6.6&#8243; _module_preset=&#8221;default&#8221;][et_pb_image src=&#8221;https:\/\/urologiaandorra.com\/wp-content\/uploads\/2020\/11\/recomanacions_Picto.png&#8221; title_text=&#8221;recomanacions_Picto&#8221; align=&#8221;center&#8221; _builder_version=&#8221;4.6.6&#8243; _module_preset=&#8221;default&#8221;][\/et_pb_image][et_pb_text _builder_version=&#8221;4.6.6&#8243; _module_preset=&#8221;default&#8221; text_text_color=&#8221;#009fe3&#8243; text_font_size=&#8221;19px&#8221; header_font=&#8221;|700|||||||&#8221; header_text_color=&#8221;#009fe3&#8243; header_font_size=&#8221;27px&#8221; custom_margin=&#8221;||30px||false|false&#8221; custom_padding=&#8221;15px||||false|false&#8221; header_font_size_tablet=&#8221;27px&#8221; header_font_size_phone=&#8221;22px&#8221; header_font_size_last_edited=&#8221;on|phone&#8221; border_width_top=&#8221;2px&#8221; border_color_top=&#8221;#009fe3&#8243; border_width_bottom=&#8221;2px&#8221; border_color_bottom=&#8221;#009fe3&#8243;]<\/p>\n<h1 style=\"text-align: center;\"> RECOMANACIONS <\/h1>\n<p>[\/et_pb_text][et_pb_text _builder_version=&#8221;4.6.6&#8243; _module_preset=&#8221;default&#8221; text_text_color=&#8221;#009fe3&#8243; text_font_size=&#8221;19px&#8221; text_line_height=&#8221;1.4em&#8221; header_font=&#8221;|700|||||||&#8221; header_text_color=&#8221;#009fe3&#8243; header_font_size=&#8221;38px&#8221; custom_margin=&#8221;-12px|||||&#8221; hover_enabled=&#8221;0&#8243; header_font_size_tablet=&#8221;35px&#8221; header_font_size_phone=&#8221;&#8221; header_font_size_last_edited=&#8221;on|desktop&#8221; sticky_enabled=&#8221;0&#8243;]<\/p>\n<p><span>Si presentes un episodi de c\u00f2lic renoureteral o litiasi acudir a revisi\u00f3 urol\u00f2gica com a m\u00ednim un cop a l\u2019any.<\/span><\/p>\n<p>Estudis recents indiquen que el 60% dels pacients que han tingut un c\u00e0lcul tindran un altre abans de 10 anys, el 35% abans de 5 anys i el 15% abans d\u20191 any del primer episodi.<\/p>\n<p>[\/et_pb_text][\/et_pb_column][\/et_pb_row][et_pb_row column_structure=&#8221;1_4,1_2,1_4&#8243; disabled_on=&#8221;on|on|off&#8221; _builder_version=&#8221;4.6.6&#8243; _module_preset=&#8221;default&#8221; custom_padding=&#8221;36px||0px|||&#8221;][et_pb_column type=&#8221;1_4&#8243; _builder_version=&#8221;4.6.6&#8243; _module_preset=&#8221;default&#8221;][et_pb_divider divider_weight=&#8221;3px&#8221; disabled_on=&#8221;on|on|off&#8221; _builder_version=&#8221;4.6.6&#8243; _module_preset=&#8221;default&#8221; module_alignment=&#8221;center&#8221; custom_margin=&#8221;18px||||false|false&#8221; custom_margin_tablet=&#8221;0px||||false|false&#8221; custom_margin_phone=&#8221;&#8221; custom_margin_last_edited=&#8221;on|desktop&#8221;][\/et_pb_divider][\/et_pb_column][et_pb_column type=&#8221;1_2&#8243; _builder_version=&#8221;4.6.6&#8243; _module_preset=&#8221;default&#8221;][et_pb_text _builder_version=&#8221;4.6.6&#8243; _module_preset=&#8221;default&#8221; header_font=&#8221;Amiko|700|||||||&#8221; header_text_align=&#8221;center&#8221; header_text_color=&#8221;#009fe3&#8243; header_font_size=&#8221;33px&#8221; text_orientation=&#8221;center&#8221; header_font_size_tablet=&#8221;&#8221; header_font_size_phone=&#8221;28px&#8221; header_font_size_last_edited=&#8221;on|phone&#8221;]<\/p>\n<h1> TRACTAMENT <\/h1>\n<p>[\/et_pb_text][\/et_pb_column][et_pb_column type=&#8221;1_4&#8243; _builder_version=&#8221;4.6.6&#8243; _module_preset=&#8221;default&#8221;][et_pb_divider divider_weight=&#8221;3px&#8221; disabled_on=&#8221;on|on|off&#8221; _builder_version=&#8221;4.6.6&#8243; _module_preset=&#8221;default&#8221; module_alignment=&#8221;center&#8221; custom_margin=&#8221;18px||||false|false&#8221; custom_margin_tablet=&#8221;0px||||false|false&#8221; custom_margin_phone=&#8221;0px||||false|false&#8221; custom_margin_last_edited=&#8221;on|phone&#8221; custom_padding=&#8221;0px||||false|false&#8221;][\/et_pb_divider][\/et_pb_column][\/et_pb_row][et_pb_row column_structure=&#8221;1_4,1_2,1_4&#8243; disabled_on=&#8221;off|off|on&#8221; _builder_version=&#8221;4.6.6&#8243; _module_preset=&#8221;default&#8221; custom_padding=&#8221;2px||0px|||&#8221;][et_pb_column type=&#8221;1_4&#8243; _builder_version=&#8221;4.6.6&#8243; _module_preset=&#8221;default&#8221;][\/et_pb_column][et_pb_column type=&#8221;1_2&#8243; _builder_version=&#8221;4.6.6&#8243; _module_preset=&#8221;default&#8221;][et_pb_text _builder_version=&#8221;4.6.6&#8243; _module_preset=&#8221;default&#8221; header_font=&#8221;Amiko|700|||||||&#8221; header_text_align=&#8221;center&#8221; header_text_color=&#8221;#009fe3&#8243; header_font_size=&#8221;33px&#8221; text_orientation=&#8221;center&#8221; custom_padding=&#8221;||0px|||&#8221; header_font_size_tablet=&#8221;&#8221; header_font_size_phone=&#8221;22px&#8221; header_font_size_last_edited=&#8221;on|phone&#8221;]<\/p>\n<h1> TRACTAMENT <\/h1>\n<p>[\/et_pb_text][\/et_pb_column][et_pb_column type=&#8221;1_4&#8243; _builder_version=&#8221;4.6.6&#8243; _module_preset=&#8221;default&#8221;][et_pb_divider divider_weight=&#8221;3px&#8221; disabled_on=&#8221;off|off|off&#8221; _builder_version=&#8221;4.6.6&#8243; _module_preset=&#8221;default&#8221; module_alignment=&#8221;center&#8221; custom_margin=&#8221;18px||||false|false&#8221; custom_margin_tablet=&#8221;0px||||false|false&#8221; custom_margin_phone=&#8221;-35px||||false|false&#8221; custom_margin_last_edited=&#8221;on|phone&#8221; custom_padding=&#8221;0px||||false|false&#8221;][\/et_pb_divider][\/et_pb_column][\/et_pb_row][et_pb_row column_structure=&#8221;1_2,1_2&#8243; _builder_version=&#8221;4.6.6&#8243; _module_preset=&#8221;default&#8221; custom_margin_tablet=&#8221;&#8221; custom_margin_phone=&#8221;-100px||||false|false&#8221; custom_margin_last_edited=&#8221;on|phone&#8221; custom_padding=&#8221;|||0px|false|false&#8221;][et_pb_column type=&#8221;1_2&#8243; _builder_version=&#8221;4.6.6&#8243; _module_preset=&#8221;default&#8221;][et_pb_text _builder_version=&#8221;4.6.6&#8243; _module_preset=&#8221;default&#8221; text_font_size=&#8221;19px&#8221; text_line_height=&#8221;1.4em&#8221; hover_enabled=&#8221;0&#8243; sticky_enabled=&#8221;0&#8243;]<\/p>\n<p><span>El 80% dels c\u00e0lculs situats a l\u2019ur\u00e8ter s\u2019expulsen espont\u00e0niament en les primeres 3 o 4 setmanes, depenent de la seva mida i localitzaci\u00f3.<\/span><\/p>\n<p>Qualsevol c\u00e0lcul no expulsat en 1-2 mesos sol requerir actuaci\u00f3 terap\u00e8utica.<\/p>\n<p>[\/et_pb_text][\/et_pb_column][et_pb_column type=&#8221;1_2&#8243; _builder_version=&#8221;4.6.6&#8243; _module_preset=&#8221;default&#8221;][et_pb_text _builder_version=&#8221;4.6.6&#8243; _module_preset=&#8221;default&#8221; text_font_size=&#8221;19px&#8221; text_line_height=&#8221;1.4em&#8221; hover_enabled=&#8221;0&#8243; sticky_enabled=&#8221;0&#8243;]<\/p>\n<p><span>Actualment, la majoria dels c\u00e0lculs poden eliminar-se mitjan\u00e7ant procediments m\u00ednimament invasius.<\/span><\/p>\n<p>L\u2019objectiu del tractament m\u00e8dic de la litiasi \u00e9s prevenir la reaparici\u00f3, sobretot en pacients joves, menors de 40 anys.<\/p>\n<p>[\/et_pb_text][\/et_pb_column][\/et_pb_row][\/et_pb_section][et_pb_section fb_built=&#8221;1&#8243; fullwidth=&#8221;on&#8221; _builder_version=&#8221;4.6.6&#8243; _module_preset=&#8221;default&#8221;][et_pb_fullwidth_image src=&#8221;https:\/\/urologiaandorra.com\/wp-content\/uploads\/2020\/11\/banner-home-CAT.jpg&#8221; title_text=&#8221;banner-home-CAT&#8221; _builder_version=&#8221;4.6.6&#8243; _module_preset=&#8221;default&#8221;][\/et_pb_fullwidth_image][\/et_pb_section][et_pb_section fb_built=&#8221;1&#8243; _builder_version=&#8221;4.6.6&#8243; _module_preset=&#8221;default&#8221; background_color=&#8221;#d6d6d6&#8243; custom_padding=&#8221;17px||13px|||&#8221;][et_pb_row column_structure=&#8221;3_5,2_5&#8243; _builder_version=&#8221;4.6.6&#8243; _module_preset=&#8221;default&#8221;][et_pb_column type=&#8221;3_5&#8243; _builder_version=&#8221;4.6.6&#8243; _module_preset=&#8221;default&#8221;][\/et_pb_column][et_pb_column type=&#8221;2_5&#8243; _builder_version=&#8221;4.6.6&#8243; _module_preset=&#8221;default&#8221;][et_pb_image src=&#8221;https:\/\/urologiaandorra.com\/wp-content\/uploads\/2020\/11\/hospital-Nostra-senyora-meritxell.png&#8221; title_text=&#8221;hospital Nostra senyora meritxell&#8221; url=&#8221;https:\/\/saas.ad\/&#8221; url_new_window=&#8221;on&#8221; align=&#8221;right&#8221; _builder_version=&#8221;4.6.6&#8243; _module_preset=&#8221;default&#8221;][\/et_pb_image][\/et_pb_column][\/et_pb_row][\/et_pb_section]<\/p>\n","protected":false},"excerpt":{"rendered":"<p>[et_pb_section fb_built=&#8221;1&#8243; disabled_on=&#8221;on|on|off&#8221; _builder_version=&#8221;4.6.6&#8243; _module_preset=&#8221;default&#8221; custom_padding=&#8221;0px||4px||false|false&#8221;][et_pb_row _builder_version=&#8221;4.6.6&#8243; _module_preset=&#8221;default&#8221; custom_padding=&#8221;0px||||false|false&#8221;][et_pb_column type=&#8221;4_4&#8243; _builder_version=&#8221;4.6.6&#8243; _module_preset=&#8221;default&#8221;][et_pb_image src=&#8221;https:\/\/urologiaandorra.com\/wp-content\/uploads\/2020\/11\/enfermedades_page.jpg&#8221; title_text=&#8221;enfermedades_page&#8221; align=&#8221;center&#8221; force_fullwidth=&#8221;on&#8221; _builder_version=&#8221;4.6.6&#8243; _module_preset=&#8221;default&#8221;][\/et_pb_image][\/et_pb_column][\/et_pb_row][et_pb_row column_structure=&#8221;1_5,3_5,1_5&#8243; _builder_version=&#8221;4.6.6&#8243; _module_preset=&#8221;default&#8221; custom_padding=&#8221;36px||0px|||&#8221;][et_pb_column type=&#8221;1_5&#8243; _builder_version=&#8221;4.6.6&#8243; _module_preset=&#8221;default&#8221;][et_pb_divider divider_weight=&#8221;3px&#8221; disabled_on=&#8221;on|on|off&#8221; _builder_version=&#8221;4.6.6&#8243; _module_preset=&#8221;default&#8221; module_alignment=&#8221;center&#8221; custom_margin=&#8221;18px||||false|false&#8221; custom_margin_tablet=&#8221;0px||||false|false&#8221; custom_margin_phone=&#8221;&#8221; custom_margin_last_edited=&#8221;on|desktop&#8221;][\/et_pb_divider][\/et_pb_column][et_pb_column type=&#8221;3_5&#8243; _builder_version=&#8221;4.6.6&#8243; _module_preset=&#8221;default&#8221;][et_pb_text _builder_version=&#8221;4.6.6&#8243; _module_preset=&#8221;default&#8221; header_font=&#8221;Amiko|700|||||||&#8221; header_text_align=&#8221;center&#8221; header_text_color=&#8221;#009fe3&#8243; header_font_size=&#8221;33px&#8221; text_orientation=&#8221;center&#8221; header_font_size_tablet=&#8221;&#8221; header_font_size_phone=&#8221;25px&#8221; header_font_size_last_edited=&#8221;on|phone&#8221;] MALALTIES I TRACTAMENTS [\/et_pb_text][\/et_pb_column][et_pb_column type=&#8221;1_5&#8243; _builder_version=&#8221;4.6.6&#8243; _module_preset=&#8221;default&#8221;][et_pb_divider divider_weight=&#8221;3px&#8221; [&hellip;]<\/p>\n","protected":false},"author":2,"featured_media":0,"parent":0,"menu_order":0,"comment_status":"closed","ping_status":"closed","template":"","meta":{"_et_pb_use_builder":"on","_et_pb_old_content":"","_et_gb_content_width":"","footnotes":""},"class_list":["post-801","page","type-page","status-publish","hentry"],"_links":{"self":[{"href":"https:\/\/urologiaandorra.com\/ca\/wp-json\/wp\/v2\/pages\/801","targetHints":{"allow":["GET"]}}],"collection":[{"href":"https:\/\/urologiaandorra.com\/ca\/wp-json\/wp\/v2\/pages"}],"about":[{"href":"https:\/\/urologiaandorra.com\/ca\/wp-json\/wp\/v2\/types\/page"}],"author":[{"embeddable":true,"href":"https:\/\/urologiaandorra.com\/ca\/wp-json\/wp\/v2\/users\/2"}],"replies":[{"embeddable":true,"href":"https:\/\/urologiaandorra.com\/ca\/wp-json\/wp\/v2\/comments?post=801"}],"version-history":[{"count":4,"href":"https:\/\/urologiaandorra.com\/ca\/wp-json\/wp\/v2\/pages\/801\/revisions"}],"predecessor-version":[{"id":1026,"href":"https:\/\/urologiaandorra.com\/ca\/wp-json\/wp\/v2\/pages\/801\/revisions\/1026"}],"wp:attachment":[{"href":"https:\/\/urologiaandorra.com\/ca\/wp-json\/wp\/v2\/media?parent=801"}],"curies":[{"name":"wp","href":"https:\/\/api.w.org\/{rel}","templated":true}]}}