{"id":797,"date":"2020-11-27T10:46:16","date_gmt":"2020-11-27T09:46:16","guid":{"rendered":"https:\/\/urologiaandorra.com\/?page_id=797"},"modified":"2020-11-30T13:29:39","modified_gmt":"2020-11-30T12:29:39","slug":"infeccions-de-transmissio-sexual","status":"publish","type":"page","link":"https:\/\/urologiaandorra.com\/ca\/infeccions-de-transmissio-sexual\/","title":{"rendered":"INFECCIONS DE TRANSMISSI\u00d3 SEXUAL (ITS)"},"content":{"rendered":"<p>[et_pb_section fb_built=&#8221;1&#8243; disabled_on=&#8221;on|on|off&#8221; _builder_version=&#8221;4.6.6&#8243; _module_preset=&#8221;default&#8221; custom_padding=&#8221;0px||4px||false|false&#8221;][et_pb_row _builder_version=&#8221;4.6.6&#8243; _module_preset=&#8221;default&#8221; custom_padding=&#8221;0px||||false|false&#8221;][et_pb_column type=&#8221;4_4&#8243; _builder_version=&#8221;4.6.6&#8243; _module_preset=&#8221;default&#8221;][et_pb_image src=&#8221;https:\/\/urologiaandorra.com\/wp-content\/uploads\/2020\/11\/enfermedades_page.jpg&#8221; title_text=&#8221;enfermedades_page&#8221; align=&#8221;center&#8221; force_fullwidth=&#8221;on&#8221; _builder_version=&#8221;4.6.6&#8243; _module_preset=&#8221;default&#8221;][\/et_pb_image][\/et_pb_column][\/et_pb_row][et_pb_row column_structure=&#8221;1_5,3_5,1_5&#8243; _builder_version=&#8221;4.6.6&#8243; _module_preset=&#8221;default&#8221; custom_padding=&#8221;36px||0px|||&#8221;][et_pb_column type=&#8221;1_5&#8243; _builder_version=&#8221;4.6.6&#8243; _module_preset=&#8221;default&#8221;][et_pb_divider divider_weight=&#8221;3px&#8221; disabled_on=&#8221;on|on|off&#8221; _builder_version=&#8221;4.6.6&#8243; _module_preset=&#8221;default&#8221; module_alignment=&#8221;center&#8221; custom_margin=&#8221;18px||||false|false&#8221; custom_margin_tablet=&#8221;0px||||false|false&#8221; custom_margin_phone=&#8221;&#8221; custom_margin_last_edited=&#8221;on|desktop&#8221;][\/et_pb_divider][\/et_pb_column][et_pb_column type=&#8221;3_5&#8243; _builder_version=&#8221;4.6.6&#8243; _module_preset=&#8221;default&#8221;][et_pb_text _builder_version=&#8221;4.6.6&#8243; _module_preset=&#8221;default&#8221; header_font=&#8221;Amiko|700|||||||&#8221; header_text_align=&#8221;center&#8221; header_text_color=&#8221;#009fe3&#8243; header_font_size=&#8221;33px&#8221; text_orientation=&#8221;center&#8221; header_font_size_tablet=&#8221;&#8221; header_font_size_phone=&#8221;25px&#8221; header_font_size_last_edited=&#8221;on|phone&#8221;]<\/p>\n<h1>MALALTIES I TRACTAMENTS<br \/>\n<\/h1>\n<p>[\/et_pb_text][\/et_pb_column][et_pb_column type=&#8221;1_5&#8243; _builder_version=&#8221;4.6.6&#8243; _module_preset=&#8221;default&#8221;][et_pb_divider divider_weight=&#8221;3px&#8221; disabled_on=&#8221;on|on|off&#8221; _builder_version=&#8221;4.6.6&#8243; _module_preset=&#8221;default&#8221; module_alignment=&#8221;center&#8221; custom_margin=&#8221;18px||||false|false&#8221; custom_margin_tablet=&#8221;0px||||false|false&#8221; custom_margin_phone=&#8221;0px||||false|false&#8221; custom_margin_last_edited=&#8221;on|phone&#8221; custom_padding=&#8221;0px||||false|false&#8221;][\/et_pb_divider][\/et_pb_column][\/et_pb_row][et_pb_row _builder_version=&#8221;4.6.6&#8243; _module_preset=&#8221;default&#8221;][et_pb_column type=&#8221;4_4&#8243; _builder_version=&#8221;4.6.6&#8243; _module_preset=&#8221;default&#8221;][et_pb_menu menu_id=&#8221;7&#8243; menu_style=&#8221;centered&#8221; active_link_color=&#8221;#009fe3&#8243; _builder_version=&#8221;4.6.6&#8243; _module_preset=&#8221;default&#8221; menu_font=&#8221;||||||||&#8221; menu_font_size=&#8221;16px&#8221;][\/et_pb_menu][et_pb_divider divider_weight=&#8221;3px&#8221; disabled_on=&#8221;on|on|off&#8221; _builder_version=&#8221;4.6.6&#8243; _module_preset=&#8221;default&#8221; module_alignment=&#8221;center&#8221; custom_margin=&#8221;18px||||false|false&#8221; custom_margin_tablet=&#8221;0px||||false|false&#8221; custom_margin_phone=&#8221;&#8221; custom_margin_last_edited=&#8221;on|desktop&#8221;][\/et_pb_divider][\/et_pb_column][\/et_pb_row][\/et_pb_section][et_pb_section fb_built=&#8221;1&#8243; fullwidth=&#8221;on&#8221; disabled_on=&#8221;off|off|on&#8221; _builder_version=&#8221;4.6.6&#8243; _module_preset=&#8221;default&#8221;][et_pb_fullwidth_image src=&#8221;https:\/\/urologiaandorra.com\/wp-content\/uploads\/2020\/11\/enfermedades_page.jpg&#8221; title_text=&#8221;enfermedades_page&#8221; _builder_version=&#8221;4.6.6&#8243; _module_preset=&#8221;default&#8221;][\/et_pb_fullwidth_image][\/et_pb_section][et_pb_section fb_built=&#8221;1&#8243; disabled_on=&#8221;off|off|on&#8221; _builder_version=&#8221;4.6.6&#8243; _module_preset=&#8221;default&#8221; custom_padding=&#8221;0px||4px||false|false&#8221;][et_pb_row _builder_version=&#8221;4.6.6&#8243; _module_preset=&#8221;default&#8221; custom_padding=&#8221;17px||1px|||&#8221;][et_pb_column type=&#8221;4_4&#8243; _builder_version=&#8221;4.6.6&#8243; _module_preset=&#8221;default&#8221;][et_pb_text _builder_version=&#8221;4.6.6&#8243; _module_preset=&#8221;default&#8221; header_font=&#8221;Amiko|700|||||||&#8221; header_text_align=&#8221;center&#8221; header_text_color=&#8221;#009fe3&#8243; header_font_size=&#8221;33px&#8221; text_orientation=&#8221;center&#8221; custom_margin=&#8221;||2px|||&#8221; header_font_size_tablet=&#8221;&#8221; header_font_size_phone=&#8221;25px&#8221; header_font_size_last_edited=&#8221;on|phone&#8221;]<\/p>\n<h1>MALALTIES I TRACTAMENTS<br \/>\n<\/h1>\n<p>[\/et_pb_text][et_pb_menu menu_id=&#8221;7&#8243; menu_style=&#8221;centered&#8221; active_link_color=&#8221;#009fe3&#8243; _builder_version=&#8221;4.6.6&#8243; _module_preset=&#8221;default&#8221; menu_font=&#8221;||||||||&#8221; menu_font_size=&#8221;16px&#8221; custom_margin=&#8221;||0px|||&#8221;][\/et_pb_menu][et_pb_divider divider_weight=&#8221;3px&#8221; disabled_on=&#8221;off|off|on&#8221; _builder_version=&#8221;4.6.6&#8243; _module_preset=&#8221;default&#8221; module_alignment=&#8221;center&#8221; custom_margin=&#8221;18px||||false|false&#8221; custom_margin_tablet=&#8221;0px||||false|false&#8221; custom_margin_phone=&#8221;&#8221; custom_margin_last_edited=&#8221;on|desktop&#8221;][\/et_pb_divider][\/et_pb_column][\/et_pb_row][\/et_pb_section][et_pb_section fb_built=&#8221;1&#8243; _builder_version=&#8221;4.6.6&#8243; _module_preset=&#8221;default&#8221; custom_margin=&#8221;-17px|||||&#8221; custom_padding=&#8221;0px||||false|false&#8221;][et_pb_row _builder_version=&#8221;4.6.6&#8243; _module_preset=&#8221;default&#8221; custom_margin=&#8221;0px|auto||auto||&#8221;][et_pb_column type=&#8221;4_4&#8243; _builder_version=&#8221;4.6.6&#8243; _module_preset=&#8221;default&#8221;][et_pb_text _builder_version=&#8221;4.6.6&#8243; _module_preset=&#8221;default&#8221; header_text_color=&#8221;#009fe3&#8243; header_3_text_color=&#8221;#009fe3&#8243; hover_enabled=&#8221;0&#8243; header_font_size_tablet=&#8221;&#8221; header_font_size_phone=&#8221;28px&#8221; header_font_size_last_edited=&#8221;on|phone&#8221; sticky_enabled=&#8221;0&#8243;]<\/p>\n<h1><strong>INFECCIONS DE TRANSMISSI\u00d3 SEXUAL (ITS)<\/strong><\/h1>\n<p>&nbsp;<\/p>\n<p>Tota infecci\u00f3 que es transmet de persona a persona durant les relacions sexuals sense protecci\u00f3n. Poden estar causades per virus, fongs, bacteris o par\u00e0sits.<\/p>\n<p>Les ITS m\u00e9s freq\u00fcents s\u00f3n: Virus del Papil\u00b7loma Hum\u00e0, Gonorrea, S\u00edfilis, VIH, Clam\u00eddia i Hepatitis B i C.<\/p>\n<p>La majoria de les proves que es realitzen per diagnosticar una infecci\u00f3 de transmissi\u00f3 sexual (ITS) s\u00f3n r\u00e0pides, senzilles i no doloroses.<\/p>\n<h3><\/h3>\n<p>[\/et_pb_text][\/et_pb_column][\/et_pb_row][et_pb_row column_structure=&#8221;1_3,1_3,1_3&#8243; _builder_version=&#8221;4.6.6&#8243; _module_preset=&#8221;default&#8221; custom_padding=&#8221;||49px|||&#8221;][et_pb_column type=&#8221;1_3&#8243; _builder_version=&#8221;4.6.6&#8243; _module_preset=&#8221;default&#8221;][et_pb_image src=&#8221;https:\/\/urologiaandorra.com\/wp-content\/uploads\/2020\/11\/sintomes_Picto.png&#8221; title_text=&#8221;sintomes_Picto&#8221; align=&#8221;center&#8221; _builder_version=&#8221;4.6.6&#8243; _module_preset=&#8221;default&#8221;][\/et_pb_image][et_pb_text _builder_version=&#8221;4.6.6&#8243; _module_preset=&#8221;default&#8221; text_text_color=&#8221;#009fe3&#8243; text_font_size=&#8221;19px&#8221; header_font=&#8221;|700|||||||&#8221; header_text_color=&#8221;#009fe3&#8243; header_font_size=&#8221;27px&#8221; custom_margin=&#8221;||30px||false|false&#8221; custom_padding=&#8221;15px||||false|false&#8221; header_font_size_tablet=&#8221;27px&#8221; header_font_size_phone=&#8221;22px&#8221; header_font_size_last_edited=&#8221;on|tablet&#8221; border_width_top=&#8221;2px&#8221; border_color_top=&#8221;#009fe3&#8243; border_width_bottom=&#8221;2px&#8221; border_color_bottom=&#8221;#009fe3&#8243;]<\/p>\n<h1 style=\"text-align: center;\"> S\u00cdMPTOMES <\/h1>\n<p>[\/et_pb_text][et_pb_text _builder_version=&#8221;4.6.6&#8243; _module_preset=&#8221;default&#8221; text_text_color=&#8221;#009fe3&#8243; text_font_size=&#8221;19px&#8221; text_line_height=&#8221;1.4em&#8221; header_font=&#8221;|700|||||||&#8221; header_text_color=&#8221;#009fe3&#8243; header_font_size=&#8221;38px&#8221; custom_margin=&#8221;-12px|||||&#8221; hover_enabled=&#8221;0&#8243; header_font_size_tablet=&#8221;35px&#8221; header_font_size_phone=&#8221;&#8221; header_font_size_last_edited=&#8221;on|desktop&#8221; sticky_enabled=&#8221;0&#8243;]<\/p>\n<p>De vegades, les ITS no presenten s\u00edmptomes i podrien passar desapercebudes.<\/p>\n<p>Els s\u00edmptomes que podem trobar s\u00f3n els seg\u00fcents:<\/p>\n<ul>\n<li>Secreci\u00f3 uretral<\/li>\n<li>Relacions sexuals doloroses<\/li>\n<li>Lesions com \u00falceres, ampolles, berrugues i\/o faves a genitals, anus, boca o pell<\/li>\n<li>Inflamaci\u00f3 dels ganglis propers a la zona ulcerada<\/li>\n<li>Dolor en els testicles, que tamb\u00e9 poden estar inflamats<\/li>\n<li>Ardor o picor a zona genital<\/li>\n<li>Co\u00efssor a l\u2019orinar o defecar<\/li>\n<\/ul>\n<p>[\/et_pb_text][\/et_pb_column][et_pb_column type=&#8221;1_3&#8243; _builder_version=&#8221;4.6.6&#8243; _module_preset=&#8221;default&#8221;][et_pb_image src=&#8221;https:\/\/urologiaandorra.com\/wp-content\/uploads\/2020\/11\/factors_Picto.png&#8221; title_text=&#8221;factors_Picto&#8221; align=&#8221;center&#8221; _builder_version=&#8221;4.6.6&#8243; _module_preset=&#8221;default&#8221;][\/et_pb_image][et_pb_text _builder_version=&#8221;4.6.6&#8243; _module_preset=&#8221;default&#8221; text_text_color=&#8221;#009fe3&#8243; text_font_size=&#8221;19px&#8221; header_font=&#8221;|700|||||||&#8221; header_text_color=&#8221;#009fe3&#8243; header_font_size=&#8221;27px&#8221; custom_margin=&#8221;||30px||false|false&#8221; custom_padding=&#8221;15px||||false|false&#8221; header_font_size_tablet=&#8221;27px&#8221; header_font_size_phone=&#8221;22px&#8221; header_font_size_last_edited=&#8221;on|phone&#8221; border_width_top=&#8221;2px&#8221; border_color_top=&#8221;#009fe3&#8243; border_width_bottom=&#8221;2px&#8221; border_color_bottom=&#8221;#009fe3&#8243;]<\/p>\n<h1 style=\"text-align: center;\">FACTORS DE RISC<br \/>\n<\/h1>\n<p>[\/et_pb_text][et_pb_text _builder_version=&#8221;4.6.6&#8243; _module_preset=&#8221;default&#8221; text_text_color=&#8221;#009fe3&#8243; text_font_size=&#8221;19px&#8221; text_line_height=&#8221;1.4em&#8221; header_font=&#8221;|700|||||||&#8221; header_text_color=&#8221;#009fe3&#8243; header_font_size=&#8221;38px&#8221; custom_margin=&#8221;-12px|||||&#8221; hover_enabled=&#8221;0&#8243; text_font_size_tablet=&#8221;&#8221; text_font_size_phone=&#8221;&#8221; text_font_size_last_edited=&#8221;on|phone&#8221; header_font_size_tablet=&#8221;35px&#8221; header_font_size_phone=&#8221;&#8221; header_font_size_last_edited=&#8221;on|desktop&#8221; sticky_enabled=&#8221;0&#8243;]<\/p>\n<p><strong>Parelles sexuals:<\/strong><span>\u00a0<\/span>nombre de parelles sexuals en el darrer any i en la vida, parella estable, acompanyants.<\/p>\n<p><strong>Pr\u00e0ctiques sexuals:<\/strong><span>\u00a0<\/span>tipus de pr\u00e0ctiques sexuals (oral, anal, vaginal); \u00fas compartit de joguines sexuals i \u00fas d\u2019apps per a la recerca de parelles sexuals.<\/p>\n<p><strong>Consum de t\u00f2xics:<\/strong><span>\u00a0<\/span>consum d\u2019alcohol en exc\u00e9s i\/o drogues per al sexe; pr\u00e0ctiques sexuals desprotegides sota l\u2019efecte d\u2019aquestes subst\u00e0ncies, Chemsex.<\/p>\n<p>[\/et_pb_text][\/et_pb_column][et_pb_column type=&#8221;1_3&#8243; _builder_version=&#8221;4.6.6&#8243; _module_preset=&#8221;default&#8221;][et_pb_image src=&#8221;https:\/\/urologiaandorra.com\/wp-content\/uploads\/2020\/11\/recomanacions_Picto.png&#8221; title_text=&#8221;recomanacions_Picto&#8221; align=&#8221;center&#8221; _builder_version=&#8221;4.6.6&#8243; _module_preset=&#8221;default&#8221;][\/et_pb_image][et_pb_text _builder_version=&#8221;4.6.6&#8243; _module_preset=&#8221;default&#8221; text_text_color=&#8221;#009fe3&#8243; text_font_size=&#8221;19px&#8221; header_font=&#8221;|700|||||||&#8221; header_text_color=&#8221;#009fe3&#8243; header_font_size=&#8221;27px&#8221; custom_margin=&#8221;||30px||false|false&#8221; custom_padding=&#8221;15px||||false|false&#8221; header_font_size_tablet=&#8221;27px&#8221; header_font_size_phone=&#8221;22px&#8221; header_font_size_last_edited=&#8221;on|phone&#8221; border_width_top=&#8221;2px&#8221; border_color_top=&#8221;#009fe3&#8243; border_width_bottom=&#8221;2px&#8221; border_color_bottom=&#8221;#009fe3&#8243;]<\/p>\n<h1 style=\"text-align: center;\"> RECOMANACIONS <\/h1>\n<p>[\/et_pb_text][et_pb_text _builder_version=&#8221;4.6.6&#8243; _module_preset=&#8221;default&#8221; text_text_color=&#8221;#009fe3&#8243; text_font_size=&#8221;19px&#8221; text_line_height=&#8221;1.4em&#8221; header_font=&#8221;|700|||||||&#8221; header_text_color=&#8221;#009fe3&#8243; header_font_size=&#8221;38px&#8221; custom_margin=&#8221;-12px|||||&#8221; hover_enabled=&#8221;0&#8243; header_font_size_tablet=&#8221;35px&#8221; header_font_size_phone=&#8221;&#8221; header_font_size_last_edited=&#8221;on|desktop&#8221; sticky_enabled=&#8221;0&#8243;]<\/p>\n<p><span>Acosta\u2019t a fer-te un control m\u00e8dic si has mantingut relacions sexuals de risc sense protecci\u00f3.<\/span><\/p>\n<p>No tractar una ITS pot ocasionar importants problemes de salut, entre els quals, inflamaci\u00f3 de testicles, esterilitat, i, fins i tot, alguns tipus de c\u00e0ncers com, anal, rectal, orofarngic, de penis i cervicouterino en la dona.<\/p>\n<p>[\/et_pb_text][\/et_pb_column][\/et_pb_row][et_pb_row column_structure=&#8221;1_4,1_2,1_4&#8243; disabled_on=&#8221;on|on|off&#8221; _builder_version=&#8221;4.6.6&#8243; _module_preset=&#8221;default&#8221; custom_padding=&#8221;36px||0px|||&#8221;][et_pb_column type=&#8221;1_4&#8243; _builder_version=&#8221;4.6.6&#8243; _module_preset=&#8221;default&#8221;][et_pb_divider divider_weight=&#8221;3px&#8221; disabled_on=&#8221;on|on|off&#8221; _builder_version=&#8221;4.6.6&#8243; _module_preset=&#8221;default&#8221; module_alignment=&#8221;center&#8221; custom_margin=&#8221;18px||||false|false&#8221; custom_margin_tablet=&#8221;0px||||false|false&#8221; custom_margin_phone=&#8221;&#8221; custom_margin_last_edited=&#8221;on|desktop&#8221;][\/et_pb_divider][\/et_pb_column][et_pb_column type=&#8221;1_2&#8243; _builder_version=&#8221;4.6.6&#8243; _module_preset=&#8221;default&#8221;][et_pb_text _builder_version=&#8221;4.6.6&#8243; _module_preset=&#8221;default&#8221; header_font=&#8221;Amiko|700|||||||&#8221; header_text_align=&#8221;center&#8221; header_text_color=&#8221;#009fe3&#8243; header_font_size=&#8221;33px&#8221; text_orientation=&#8221;center&#8221; header_font_size_tablet=&#8221;&#8221; header_font_size_phone=&#8221;28px&#8221; header_font_size_last_edited=&#8221;on|phone&#8221;]<\/p>\n<h1> TRACTAMENT <\/h1>\n<p>[\/et_pb_text][\/et_pb_column][et_pb_column type=&#8221;1_4&#8243; _builder_version=&#8221;4.6.6&#8243; _module_preset=&#8221;default&#8221;][et_pb_divider divider_weight=&#8221;3px&#8221; disabled_on=&#8221;on|on|off&#8221; _builder_version=&#8221;4.6.6&#8243; _module_preset=&#8221;default&#8221; module_alignment=&#8221;center&#8221; custom_margin=&#8221;18px||||false|false&#8221; custom_margin_tablet=&#8221;0px||||false|false&#8221; custom_margin_phone=&#8221;0px||||false|false&#8221; custom_margin_last_edited=&#8221;on|phone&#8221; custom_padding=&#8221;0px||||false|false&#8221;][\/et_pb_divider][\/et_pb_column][\/et_pb_row][et_pb_row column_structure=&#8221;1_4,1_2,1_4&#8243; disabled_on=&#8221;off|off|on&#8221; _builder_version=&#8221;4.6.6&#8243; _module_preset=&#8221;default&#8221; custom_padding=&#8221;2px||0px|||&#8221;][et_pb_column type=&#8221;1_4&#8243; _builder_version=&#8221;4.6.6&#8243; _module_preset=&#8221;default&#8221;][\/et_pb_column][et_pb_column type=&#8221;1_2&#8243; _builder_version=&#8221;4.6.6&#8243; _module_preset=&#8221;default&#8221;][et_pb_text _builder_version=&#8221;4.6.6&#8243; _module_preset=&#8221;default&#8221; header_font=&#8221;Amiko|700|||||||&#8221; header_text_align=&#8221;center&#8221; header_text_color=&#8221;#009fe3&#8243; header_font_size=&#8221;33px&#8221; text_orientation=&#8221;center&#8221; custom_padding=&#8221;||0px|||&#8221; header_font_size_tablet=&#8221;&#8221; header_font_size_phone=&#8221;22px&#8221; header_font_size_last_edited=&#8221;on|phone&#8221;]<\/p>\n<h1> TRACTAMENT <\/h1>\n<p>[\/et_pb_text][\/et_pb_column][et_pb_column type=&#8221;1_4&#8243; _builder_version=&#8221;4.6.6&#8243; _module_preset=&#8221;default&#8221;][et_pb_divider divider_weight=&#8221;3px&#8221; disabled_on=&#8221;off|off|off&#8221; _builder_version=&#8221;4.6.6&#8243; _module_preset=&#8221;default&#8221; module_alignment=&#8221;center&#8221; custom_margin=&#8221;18px||||false|false&#8221; custom_margin_tablet=&#8221;0px||||false|false&#8221; custom_margin_phone=&#8221;-35px||||false|false&#8221; custom_margin_last_edited=&#8221;on|phone&#8221; custom_padding=&#8221;0px||||false|false&#8221;][\/et_pb_divider][\/et_pb_column][\/et_pb_row][et_pb_row column_structure=&#8221;1_2,1_2&#8243; _builder_version=&#8221;4.6.6&#8243; _module_preset=&#8221;default&#8221; custom_margin_tablet=&#8221;&#8221; custom_margin_phone=&#8221;-100px||||false|false&#8221; custom_margin_last_edited=&#8221;on|phone&#8221; custom_padding=&#8221;|||0px|false|false&#8221;][et_pb_column type=&#8221;1_2&#8243; _builder_version=&#8221;4.6.6&#8243; _module_preset=&#8221;default&#8221;][et_pb_text _builder_version=&#8221;4.6.6&#8243; _module_preset=&#8221;default&#8221; text_font_size=&#8221;19px&#8221; text_line_height=&#8221;1.4em&#8221; hover_enabled=&#8221;0&#8243; sticky_enabled=&#8221;0&#8243;]<\/p>\n<p><span>Hi ha diferents tractaments depenent la Infecci\u00f3 de transmissi\u00f3 sexual.<\/span><\/p>\n<p>Totes les ITS poden prevenir-se amb l\u2019\u00fas correcte i continuat de preservatiu.<\/p>\n<p>[\/et_pb_text][\/et_pb_column][et_pb_column type=&#8221;1_2&#8243; _builder_version=&#8221;4.6.6&#8243; _module_preset=&#8221;default&#8221;][et_pb_text _builder_version=&#8221;4.6.6&#8243; _module_preset=&#8221;default&#8221; text_font_size=&#8221;19px&#8221; text_line_height=&#8221;1.4em&#8221; hover_enabled=&#8221;0&#8243; sticky_enabled=&#8221;0&#8243;]<\/p>\n<p><span>L\u2019aplicaci\u00f3 de la vacuna de VPH pot prevenir el c\u00e0ncer cervicouterino, orofaringi i de penis<\/span><\/p>\n<p>[\/et_pb_text][\/et_pb_column][\/et_pb_row][\/et_pb_section][et_pb_section fb_built=&#8221;1&#8243; fullwidth=&#8221;on&#8221; _builder_version=&#8221;4.6.6&#8243; _module_preset=&#8221;default&#8221;][et_pb_fullwidth_image src=&#8221;https:\/\/urologiaandorra.com\/wp-content\/uploads\/2020\/11\/banner-home-CAT.jpg&#8221; title_text=&#8221;banner-home-CAT&#8221; _builder_version=&#8221;4.6.6&#8243; _module_preset=&#8221;default&#8221;][\/et_pb_fullwidth_image][\/et_pb_section][et_pb_section fb_built=&#8221;1&#8243; _builder_version=&#8221;4.6.6&#8243; _module_preset=&#8221;default&#8221; background_color=&#8221;#d6d6d6&#8243; custom_padding=&#8221;17px||13px|||&#8221;][et_pb_row column_structure=&#8221;3_5,2_5&#8243; _builder_version=&#8221;4.6.6&#8243; _module_preset=&#8221;default&#8221;][et_pb_column type=&#8221;3_5&#8243; _builder_version=&#8221;4.6.6&#8243; _module_preset=&#8221;default&#8221;][\/et_pb_column][et_pb_column type=&#8221;2_5&#8243; _builder_version=&#8221;4.6.6&#8243; _module_preset=&#8221;default&#8221;][et_pb_image src=&#8221;https:\/\/urologiaandorra.com\/wp-content\/uploads\/2020\/11\/hospital-Nostra-senyora-meritxell.png&#8221; title_text=&#8221;hospital Nostra senyora meritxell&#8221; url=&#8221;https:\/\/saas.ad\/&#8221; url_new_window=&#8221;on&#8221; align=&#8221;right&#8221; _builder_version=&#8221;4.6.6&#8243; _module_preset=&#8221;default&#8221;][\/et_pb_image][\/et_pb_column][\/et_pb_row][\/et_pb_section]<\/p>\n","protected":false},"excerpt":{"rendered":"<p>[et_pb_section fb_built=&#8221;1&#8243; disabled_on=&#8221;on|on|off&#8221; _builder_version=&#8221;4.6.6&#8243; _module_preset=&#8221;default&#8221; custom_padding=&#8221;0px||4px||false|false&#8221;][et_pb_row _builder_version=&#8221;4.6.6&#8243; _module_preset=&#8221;default&#8221; custom_padding=&#8221;0px||||false|false&#8221;][et_pb_column type=&#8221;4_4&#8243; _builder_version=&#8221;4.6.6&#8243; _module_preset=&#8221;default&#8221;][et_pb_image src=&#8221;https:\/\/urologiaandorra.com\/wp-content\/uploads\/2020\/11\/enfermedades_page.jpg&#8221; title_text=&#8221;enfermedades_page&#8221; align=&#8221;center&#8221; force_fullwidth=&#8221;on&#8221; _builder_version=&#8221;4.6.6&#8243; _module_preset=&#8221;default&#8221;][\/et_pb_image][\/et_pb_column][\/et_pb_row][et_pb_row column_structure=&#8221;1_5,3_5,1_5&#8243; _builder_version=&#8221;4.6.6&#8243; _module_preset=&#8221;default&#8221; custom_padding=&#8221;36px||0px|||&#8221;][et_pb_column type=&#8221;1_5&#8243; _builder_version=&#8221;4.6.6&#8243; _module_preset=&#8221;default&#8221;][et_pb_divider divider_weight=&#8221;3px&#8221; disabled_on=&#8221;on|on|off&#8221; _builder_version=&#8221;4.6.6&#8243; _module_preset=&#8221;default&#8221; module_alignment=&#8221;center&#8221; custom_margin=&#8221;18px||||false|false&#8221; custom_margin_tablet=&#8221;0px||||false|false&#8221; custom_margin_phone=&#8221;&#8221; custom_margin_last_edited=&#8221;on|desktop&#8221;][\/et_pb_divider][\/et_pb_column][et_pb_column type=&#8221;3_5&#8243; _builder_version=&#8221;4.6.6&#8243; _module_preset=&#8221;default&#8221;][et_pb_text _builder_version=&#8221;4.6.6&#8243; _module_preset=&#8221;default&#8221; header_font=&#8221;Amiko|700|||||||&#8221; header_text_align=&#8221;center&#8221; header_text_color=&#8221;#009fe3&#8243; header_font_size=&#8221;33px&#8221; text_orientation=&#8221;center&#8221; header_font_size_tablet=&#8221;&#8221; header_font_size_phone=&#8221;25px&#8221; header_font_size_last_edited=&#8221;on|phone&#8221;] MALALTIES I TRACTAMENTS [\/et_pb_text][\/et_pb_column][et_pb_column type=&#8221;1_5&#8243; _builder_version=&#8221;4.6.6&#8243; _module_preset=&#8221;default&#8221;][et_pb_divider divider_weight=&#8221;3px&#8221; [&hellip;]<\/p>\n","protected":false},"author":2,"featured_media":0,"parent":0,"menu_order":0,"comment_status":"closed","ping_status":"closed","template":"","meta":{"_et_pb_use_builder":"on","_et_pb_old_content":"","_et_gb_content_width":"","footnotes":""},"class_list":["post-797","page","type-page","status-publish","hentry"],"_links":{"self":[{"href":"https:\/\/urologiaandorra.com\/ca\/wp-json\/wp\/v2\/pages\/797","targetHints":{"allow":["GET"]}}],"collection":[{"href":"https:\/\/urologiaandorra.com\/ca\/wp-json\/wp\/v2\/pages"}],"about":[{"href":"https:\/\/urologiaandorra.com\/ca\/wp-json\/wp\/v2\/types\/page"}],"author":[{"embeddable":true,"href":"https:\/\/urologiaandorra.com\/ca\/wp-json\/wp\/v2\/users\/2"}],"replies":[{"embeddable":true,"href":"https:\/\/urologiaandorra.com\/ca\/wp-json\/wp\/v2\/comments?post=797"}],"version-history":[{"count":6,"href":"https:\/\/urologiaandorra.com\/ca\/wp-json\/wp\/v2\/pages\/797\/revisions"}],"predecessor-version":[{"id":1021,"href":"https:\/\/urologiaandorra.com\/ca\/wp-json\/wp\/v2\/pages\/797\/revisions\/1021"}],"wp:attachment":[{"href":"https:\/\/urologiaandorra.com\/ca\/wp-json\/wp\/v2\/media?parent=797"}],"curies":[{"name":"wp","href":"https:\/\/api.w.org\/{rel}","templated":true}]}}