{"id":792,"date":"2020-11-27T10:39:40","date_gmt":"2020-11-27T09:39:40","guid":{"rendered":"https:\/\/urologiaandorra.com\/?page_id=792"},"modified":"2020-11-30T13:25:39","modified_gmt":"2020-11-30T12:25:39","slug":"cancer-de-prostata","status":"publish","type":"page","link":"https:\/\/urologiaandorra.com\/ca\/cancer-de-prostata\/","title":{"rendered":"C\u00c0NCER DE PR\u00d2STATA"},"content":{"rendered":"<p>[et_pb_section fb_built=&#8221;1&#8243; disabled_on=&#8221;on|on|off&#8221; _builder_version=&#8221;4.6.6&#8243; _module_preset=&#8221;default&#8221; custom_padding=&#8221;0px||4px||false|false&#8221;][et_pb_row _builder_version=&#8221;4.6.6&#8243; _module_preset=&#8221;default&#8221; custom_padding=&#8221;0px||||false|false&#8221;][et_pb_column type=&#8221;4_4&#8243; _builder_version=&#8221;4.6.6&#8243; _module_preset=&#8221;default&#8221;][et_pb_image src=&#8221;https:\/\/urologiaandorra.com\/wp-content\/uploads\/2020\/11\/enfermedades_page.jpg&#8221; title_text=&#8221;enfermedades_page&#8221; align=&#8221;center&#8221; force_fullwidth=&#8221;on&#8221; _builder_version=&#8221;4.6.6&#8243; _module_preset=&#8221;default&#8221;][\/et_pb_image][\/et_pb_column][\/et_pb_row][et_pb_row column_structure=&#8221;1_5,3_5,1_5&#8243; _builder_version=&#8221;4.6.6&#8243; _module_preset=&#8221;default&#8221; custom_padding=&#8221;36px||0px|||&#8221;][et_pb_column type=&#8221;1_5&#8243; _builder_version=&#8221;4.6.6&#8243; _module_preset=&#8221;default&#8221;][et_pb_divider divider_weight=&#8221;3px&#8221; disabled_on=&#8221;on|on|off&#8221; _builder_version=&#8221;4.6.6&#8243; _module_preset=&#8221;default&#8221; module_alignment=&#8221;center&#8221; custom_margin=&#8221;18px||||false|false&#8221; custom_margin_tablet=&#8221;0px||||false|false&#8221; custom_margin_phone=&#8221;&#8221; custom_margin_last_edited=&#8221;on|desktop&#8221;][\/et_pb_divider][\/et_pb_column][et_pb_column type=&#8221;3_5&#8243; _builder_version=&#8221;4.6.6&#8243; _module_preset=&#8221;default&#8221;][et_pb_text _builder_version=&#8221;4.6.6&#8243; _module_preset=&#8221;default&#8221; header_font=&#8221;Amiko|700|||||||&#8221; header_text_align=&#8221;center&#8221; header_text_color=&#8221;#009fe3&#8243; header_font_size=&#8221;33px&#8221; text_orientation=&#8221;center&#8221; header_font_size_tablet=&#8221;&#8221; header_font_size_phone=&#8221;25px&#8221; header_font_size_last_edited=&#8221;on|phone&#8221;]<\/p>\n<h1>MALALTIES I TRACTAMENTS<br \/>\n<\/h1>\n<p>[\/et_pb_text][\/et_pb_column][et_pb_column type=&#8221;1_5&#8243; _builder_version=&#8221;4.6.6&#8243; _module_preset=&#8221;default&#8221;][et_pb_divider divider_weight=&#8221;3px&#8221; disabled_on=&#8221;on|on|off&#8221; _builder_version=&#8221;4.6.6&#8243; _module_preset=&#8221;default&#8221; module_alignment=&#8221;center&#8221; custom_margin=&#8221;18px||||false|false&#8221; custom_margin_tablet=&#8221;0px||||false|false&#8221; custom_margin_phone=&#8221;0px||||false|false&#8221; custom_margin_last_edited=&#8221;on|phone&#8221; custom_padding=&#8221;0px||||false|false&#8221;][\/et_pb_divider][\/et_pb_column][\/et_pb_row][et_pb_row _builder_version=&#8221;4.6.6&#8243; _module_preset=&#8221;default&#8221;][et_pb_column type=&#8221;4_4&#8243; _builder_version=&#8221;4.6.6&#8243; _module_preset=&#8221;default&#8221;][et_pb_menu menu_id=&#8221;7&#8243; menu_style=&#8221;centered&#8221; active_link_color=&#8221;#009fe3&#8243; _builder_version=&#8221;4.6.6&#8243; _module_preset=&#8221;default&#8221; menu_font=&#8221;||||||||&#8221; menu_font_size=&#8221;16px&#8221;][\/et_pb_menu][et_pb_divider divider_weight=&#8221;3px&#8221; disabled_on=&#8221;on|on|off&#8221; _builder_version=&#8221;4.6.6&#8243; _module_preset=&#8221;default&#8221; module_alignment=&#8221;center&#8221; custom_margin=&#8221;18px||||false|false&#8221; custom_margin_tablet=&#8221;0px||||false|false&#8221; custom_margin_phone=&#8221;&#8221; custom_margin_last_edited=&#8221;on|desktop&#8221;][\/et_pb_divider][\/et_pb_column][\/et_pb_row][\/et_pb_section][et_pb_section fb_built=&#8221;1&#8243; fullwidth=&#8221;on&#8221; disabled_on=&#8221;off|off|on&#8221; _builder_version=&#8221;4.6.6&#8243; _module_preset=&#8221;default&#8221;][et_pb_fullwidth_image src=&#8221;https:\/\/urologiaandorra.com\/wp-content\/uploads\/2020\/11\/enfermedades_page.jpg&#8221; title_text=&#8221;enfermedades_page&#8221; _builder_version=&#8221;4.6.6&#8243; _module_preset=&#8221;default&#8221;][\/et_pb_fullwidth_image][\/et_pb_section][et_pb_section fb_built=&#8221;1&#8243; disabled_on=&#8221;off|off|on&#8221; _builder_version=&#8221;4.6.6&#8243; _module_preset=&#8221;default&#8221; custom_padding=&#8221;0px||4px||false|false&#8221;][et_pb_row _builder_version=&#8221;4.6.6&#8243; _module_preset=&#8221;default&#8221; custom_padding=&#8221;17px||1px|||&#8221;][et_pb_column type=&#8221;4_4&#8243; _builder_version=&#8221;4.6.6&#8243; _module_preset=&#8221;default&#8221;][et_pb_text _builder_version=&#8221;4.6.6&#8243; _module_preset=&#8221;default&#8221; header_font=&#8221;Amiko|700|||||||&#8221; header_text_align=&#8221;center&#8221; header_text_color=&#8221;#009fe3&#8243; header_font_size=&#8221;33px&#8221; text_orientation=&#8221;center&#8221; custom_margin=&#8221;||2px|||&#8221; header_font_size_tablet=&#8221;&#8221; header_font_size_phone=&#8221;25px&#8221; header_font_size_last_edited=&#8221;on|phone&#8221;]<\/p>\n<h1>MALALTIES I TRACTAMENTS<br \/>\n<\/h1>\n<p>[\/et_pb_text][et_pb_menu menu_id=&#8221;7&#8243; menu_style=&#8221;centered&#8221; active_link_color=&#8221;#009fe3&#8243; _builder_version=&#8221;4.6.6&#8243; _module_preset=&#8221;default&#8221; menu_font=&#8221;||||||||&#8221; menu_font_size=&#8221;16px&#8221; custom_margin=&#8221;||0px|||&#8221;][\/et_pb_menu][et_pb_divider divider_weight=&#8221;3px&#8221; disabled_on=&#8221;off|off|on&#8221; _builder_version=&#8221;4.6.6&#8243; _module_preset=&#8221;default&#8221; module_alignment=&#8221;center&#8221; custom_margin=&#8221;18px||||false|false&#8221; custom_margin_tablet=&#8221;0px||||false|false&#8221; custom_margin_phone=&#8221;&#8221; custom_margin_last_edited=&#8221;on|desktop&#8221;][\/et_pb_divider][\/et_pb_column][\/et_pb_row][\/et_pb_section][et_pb_section fb_built=&#8221;1&#8243; _builder_version=&#8221;4.6.6&#8243; _module_preset=&#8221;default&#8221; custom_margin=&#8221;-17px|||||&#8221; custom_padding=&#8221;0px||||false|false&#8221;][et_pb_row _builder_version=&#8221;4.6.6&#8243; _module_preset=&#8221;default&#8221; custom_margin=&#8221;0px|auto||auto||&#8221;][et_pb_column type=&#8221;4_4&#8243; _builder_version=&#8221;4.6.6&#8243; _module_preset=&#8221;default&#8221;][et_pb_text _builder_version=&#8221;4.6.6&#8243; _module_preset=&#8221;default&#8221; header_text_color=&#8221;#009fe3&#8243; header_3_text_color=&#8221;#009fe3&#8243; hover_enabled=&#8221;0&#8243; header_font_size_tablet=&#8221;&#8221; header_font_size_phone=&#8221;28px&#8221; header_font_size_last_edited=&#8221;on|phone&#8221; sticky_enabled=&#8221;0&#8243;]<\/p>\n<h1><strong>C\u00c0NCER DE PR\u00d2STATA<\/strong><\/h1>\n<p>&nbsp;<\/p>\n<p>\u00c9s el c\u00e0ncer que comen\u00e7a a la gl\u00e0ndula prost\u00e0tica, la pr\u00f2stata \u00e9s una petita estructura en forma de nou que forma part de l\u2019aparell reproductor mascul\u00ed, aquest \u00f2rgan envolta la uretra, el conducte que transporta l\u2019orina fora del cos.<\/p>\n<p>1 de cada 6 homes a nivell mundial ser\u00e0 diagnosticat amb c\u00e0ncer de pr\u00f2stata, si es diagnostica a temps es pot curar.<\/p>\n<p>El c\u00e0ncer de pr\u00f2stata \u00e9s el c\u00e0ncer m\u00e9s freq\u00fcent en l\u2019home.<\/p>\n<h3><\/h3>\n<p>[\/et_pb_text][\/et_pb_column][\/et_pb_row][et_pb_row column_structure=&#8221;1_3,1_3,1_3&#8243; _builder_version=&#8221;4.6.6&#8243; _module_preset=&#8221;default&#8221; custom_padding=&#8221;||49px|||&#8221;][et_pb_column type=&#8221;1_3&#8243; _builder_version=&#8221;4.6.6&#8243; _module_preset=&#8221;default&#8221;][et_pb_image src=&#8221;https:\/\/urologiaandorra.com\/wp-content\/uploads\/2020\/11\/sintomes_Picto.png&#8221; title_text=&#8221;sintomes_Picto&#8221; align=&#8221;center&#8221; _builder_version=&#8221;4.6.6&#8243; _module_preset=&#8221;default&#8221;][\/et_pb_image][et_pb_text _builder_version=&#8221;4.6.6&#8243; _module_preset=&#8221;default&#8221; text_text_color=&#8221;#009fe3&#8243; text_font_size=&#8221;19px&#8221; header_font=&#8221;|700|||||||&#8221; header_text_color=&#8221;#009fe3&#8243; header_font_size=&#8221;27px&#8221; custom_margin=&#8221;||30px||false|false&#8221; custom_padding=&#8221;15px||||false|false&#8221; header_font_size_tablet=&#8221;27px&#8221; header_font_size_phone=&#8221;22px&#8221; header_font_size_last_edited=&#8221;on|tablet&#8221; border_width_top=&#8221;2px&#8221; border_color_top=&#8221;#009fe3&#8243; border_width_bottom=&#8221;2px&#8221; border_color_bottom=&#8221;#009fe3&#8243;]<\/p>\n<h1 style=\"text-align: center;\"> S\u00cdMPTOMES <\/h1>\n<p>[\/et_pb_text][et_pb_text _builder_version=&#8221;4.6.6&#8243; _module_preset=&#8221;default&#8221; text_text_color=&#8221;#009fe3&#8243; text_font_size=&#8221;19px&#8221; text_line_height=&#8221;1.4em&#8221; header_font=&#8221;|700|||||||&#8221; header_text_color=&#8221;#009fe3&#8243; header_font_size=&#8221;38px&#8221; custom_margin=&#8221;-12px|||||&#8221; hover_enabled=&#8221;0&#8243; header_font_size_tablet=&#8221;35px&#8221; header_font_size_phone=&#8221;&#8221; header_font_size_last_edited=&#8221;on|desktop&#8221; sticky_enabled=&#8221;0&#8243;]<\/p>\n<p>El c\u00e0ncer de pr\u00f2stata no sol presentar s\u00edmptomes a les fases inicials, per\u00f2 quan sorgeixen poden ser:<\/p>\n<ul>\n<li>Urg\u00e8ncia per orinar<\/li>\n<li>Retard en l\u2019inici de l\u2019orina<\/li>\n<li>Raig d\u2019orina prim<\/li>\n<li>Sensaci\u00f3 de voler orinar mes<\/li>\n<li>Fer m\u00e9s esfor\u00e7 a l\u2019orinar<\/li>\n<li>Hi pot haver sagnat en l\u2019orina<\/li>\n<li>Disfunci\u00f3 er\u00e9ctil<\/li>\n<\/ul>\n<p>[\/et_pb_text][\/et_pb_column][et_pb_column type=&#8221;1_3&#8243; _builder_version=&#8221;4.6.6&#8243; _module_preset=&#8221;default&#8221;][et_pb_image src=&#8221;https:\/\/urologiaandorra.com\/wp-content\/uploads\/2020\/11\/factors_Picto.png&#8221; title_text=&#8221;factors_Picto&#8221; align=&#8221;center&#8221; _builder_version=&#8221;4.6.6&#8243; _module_preset=&#8221;default&#8221;][\/et_pb_image][et_pb_text _builder_version=&#8221;4.6.6&#8243; _module_preset=&#8221;default&#8221; text_text_color=&#8221;#009fe3&#8243; text_font_size=&#8221;19px&#8221; header_font=&#8221;|700|||||||&#8221; header_text_color=&#8221;#009fe3&#8243; header_font_size=&#8221;27px&#8221; custom_margin=&#8221;||30px||false|false&#8221; custom_padding=&#8221;15px||||false|false&#8221; header_font_size_tablet=&#8221;27px&#8221; header_font_size_phone=&#8221;22px&#8221; header_font_size_last_edited=&#8221;on|phone&#8221; border_width_top=&#8221;2px&#8221; border_color_top=&#8221;#009fe3&#8243; border_width_bottom=&#8221;2px&#8221; border_color_bottom=&#8221;#009fe3&#8243;]<\/p>\n<h1 style=\"text-align: center;\">FACTORS DE RISC<br \/>\n<\/h1>\n<p>[\/et_pb_text][et_pb_text _builder_version=&#8221;4.6.6&#8243; _module_preset=&#8221;default&#8221; text_text_color=&#8221;#009fe3&#8243; text_font_size=&#8221;19px&#8221; text_line_height=&#8221;1.4em&#8221; header_font=&#8221;|700|||||||&#8221; header_text_color=&#8221;#009fe3&#8243; header_font_size=&#8221;38px&#8221; custom_margin=&#8221;-12px|||||&#8221; hover_enabled=&#8221;0&#8243; text_font_size_tablet=&#8221;&#8221; text_font_size_phone=&#8221;&#8221; text_font_size_last_edited=&#8221;on|phone&#8221; header_font_size_tablet=&#8221;35px&#8221; header_font_size_phone=&#8221;&#8221; header_font_size_last_edited=&#8221;on|desktop&#8221; sticky_enabled=&#8221;0&#8243;]<\/p>\n<p><span>Alguns factors de risc i ambientals tenen un paper important per al desenvolupament de la malaltia.<\/span><\/p>\n<p><strong>Her\u00e8ncia:<\/strong><span>\u00a0<\/span>Els homes amb antecedents familiars de primer grau (pare germans) amb c\u00e0ncer de pr\u00f2stata, presenten un risc superior dues vegades de patir.<\/p>\n<p><strong>\u00c8tnia:<\/strong><span>\u00a0<\/span>Els escandinaus s\u00f3n els que major incid\u00e8ncia presenten.<\/p>\n<p><strong>Edat:\u00a0<\/strong>\u00c9s una malaltia que afecta els homes amb edat avan\u00e7ada, augmentant el risc amb els anys, el 75% es presenta en homes majors de 65 anys.<\/p>\n<p><strong>Hormonal:\u00a0<\/strong>L\u2019inici i progressi\u00f3 d\u2019aquesta malaltia pot estar influenciat per les hormones andr\u00f2gines (testosterona).<\/p>\n<p><strong>Dieta:\u00a0<\/strong>Hi ha evid\u00e8ncia que les dietes amb alt contingut de greixos augmenten el risc de c\u00e0ncer de pr\u00f3stata.<\/p>\n<p>[\/et_pb_text][\/et_pb_column][et_pb_column type=&#8221;1_3&#8243; _builder_version=&#8221;4.6.6&#8243; _module_preset=&#8221;default&#8221;][et_pb_image src=&#8221;https:\/\/urologiaandorra.com\/wp-content\/uploads\/2020\/11\/recomanacions_Picto.png&#8221; title_text=&#8221;recomanacions_Picto&#8221; align=&#8221;center&#8221; _builder_version=&#8221;4.6.6&#8243; _module_preset=&#8221;default&#8221;][\/et_pb_image][et_pb_text _builder_version=&#8221;4.6.6&#8243; _module_preset=&#8221;default&#8221; text_text_color=&#8221;#009fe3&#8243; text_font_size=&#8221;19px&#8221; header_font=&#8221;|700|||||||&#8221; header_text_color=&#8221;#009fe3&#8243; header_font_size=&#8221;27px&#8221; custom_margin=&#8221;||30px||false|false&#8221; custom_padding=&#8221;15px||||false|false&#8221; header_font_size_tablet=&#8221;27px&#8221; header_font_size_phone=&#8221;22px&#8221; header_font_size_last_edited=&#8221;on|phone&#8221; border_width_top=&#8221;2px&#8221; border_color_top=&#8221;#009fe3&#8243; border_width_bottom=&#8221;2px&#8221; border_color_bottom=&#8221;#009fe3&#8243;]<\/p>\n<h1 style=\"text-align: center;\"> RECOMANACIONS <\/h1>\n<p>[\/et_pb_text][et_pb_text _builder_version=&#8221;4.6.6&#8243; _module_preset=&#8221;default&#8221; text_text_color=&#8221;#009fe3&#8243; text_font_size=&#8221;19px&#8221; text_line_height=&#8221;1.4em&#8221; header_font=&#8221;|700|||||||&#8221; header_text_color=&#8221;#009fe3&#8243; header_font_size=&#8221;38px&#8221; custom_margin=&#8221;-12px|||||&#8221; hover_enabled=&#8221;0&#8243; header_font_size_tablet=&#8221;35px&#8221; header_font_size_phone=&#8221;&#8221; header_font_size_last_edited=&#8221;on|desktop&#8221; sticky_enabled=&#8221;0&#8243;]<\/p>\n<ul>\n<li>Si teniu m\u00e9s de 50 anys acudiu a l\u2019ur\u00f2leg per a valoraci\u00f3<\/li>\n<\/ul>\n<ul>\n<li>Si teniu un familiar directe amb c\u00e0ncer de pr\u00f2stata haureu d\u2019acudir a partir dels 45 anys d\u2019edat per a valoraci\u00f3 amb l\u2019ur\u00f2leg<\/li>\n<li>\u00c9s important mantenir un pes ideal i una alimentaci\u00f3 adequada<\/li>\n<li>El consum freq\u00fcent de carns vermelles i productes lactis, aix\u00ed com el baix consum de fruites i verdures augmenten el risc de c\u00e0ncer de pr\u00f3stata<\/li>\n<li>Realitzar activitat f\u00edsica<\/li>\n<\/ul>\n<p>El millor tractament \u00e9s prevenir-ho i\/o detectar-ho el mes aviat posible.<\/p>\n<p>Es recomana un ex\u00e0men anual a partir dels 50 anys d\u2019edat o dels 45 en cas de tenir antecedents hereditaris.<\/p>\n<p>[\/et_pb_text][\/et_pb_column][\/et_pb_row][et_pb_row column_structure=&#8221;1_4,1_2,1_4&#8243; disabled_on=&#8221;on|on|off&#8221; _builder_version=&#8221;4.6.6&#8243; _module_preset=&#8221;default&#8221; custom_padding=&#8221;36px||0px|||&#8221;][et_pb_column type=&#8221;1_4&#8243; _builder_version=&#8221;4.6.6&#8243; _module_preset=&#8221;default&#8221;][et_pb_divider divider_weight=&#8221;3px&#8221; disabled_on=&#8221;on|on|off&#8221; _builder_version=&#8221;4.6.6&#8243; _module_preset=&#8221;default&#8221; module_alignment=&#8221;center&#8221; custom_margin=&#8221;18px||||false|false&#8221; custom_margin_tablet=&#8221;0px||||false|false&#8221; custom_margin_phone=&#8221;&#8221; custom_margin_last_edited=&#8221;on|desktop&#8221;][\/et_pb_divider][\/et_pb_column][et_pb_column type=&#8221;1_2&#8243; _builder_version=&#8221;4.6.6&#8243; _module_preset=&#8221;default&#8221;][et_pb_text _builder_version=&#8221;4.6.6&#8243; _module_preset=&#8221;default&#8221; header_font=&#8221;Amiko|700|||||||&#8221; header_text_align=&#8221;center&#8221; header_text_color=&#8221;#009fe3&#8243; header_font_size=&#8221;33px&#8221; text_orientation=&#8221;center&#8221; header_font_size_tablet=&#8221;&#8221; header_font_size_phone=&#8221;28px&#8221; header_font_size_last_edited=&#8221;on|phone&#8221;]<\/p>\n<h1> TRACTAMENT <\/h1>\n<p>[\/et_pb_text][\/et_pb_column][et_pb_column type=&#8221;1_4&#8243; _builder_version=&#8221;4.6.6&#8243; _module_preset=&#8221;default&#8221;][et_pb_divider divider_weight=&#8221;3px&#8221; disabled_on=&#8221;on|on|off&#8221; _builder_version=&#8221;4.6.6&#8243; _module_preset=&#8221;default&#8221; module_alignment=&#8221;center&#8221; custom_margin=&#8221;18px||||false|false&#8221; custom_margin_tablet=&#8221;0px||||false|false&#8221; custom_margin_phone=&#8221;0px||||false|false&#8221; custom_margin_last_edited=&#8221;on|phone&#8221; custom_padding=&#8221;0px||||false|false&#8221;][\/et_pb_divider][\/et_pb_column][\/et_pb_row][et_pb_row column_structure=&#8221;1_4,1_2,1_4&#8243; disabled_on=&#8221;off|off|on&#8221; _builder_version=&#8221;4.6.6&#8243; _module_preset=&#8221;default&#8221; custom_padding=&#8221;2px||0px|||&#8221;][et_pb_column type=&#8221;1_4&#8243; _builder_version=&#8221;4.6.6&#8243; _module_preset=&#8221;default&#8221;][\/et_pb_column][et_pb_column type=&#8221;1_2&#8243; _builder_version=&#8221;4.6.6&#8243; _module_preset=&#8221;default&#8221;][et_pb_text _builder_version=&#8221;4.6.6&#8243; _module_preset=&#8221;default&#8221; header_font=&#8221;Amiko|700|||||||&#8221; header_text_align=&#8221;center&#8221; header_text_color=&#8221;#009fe3&#8243; header_font_size=&#8221;33px&#8221; text_orientation=&#8221;center&#8221; custom_padding=&#8221;||0px|||&#8221; header_font_size_tablet=&#8221;&#8221; header_font_size_phone=&#8221;22px&#8221; header_font_size_last_edited=&#8221;on|phone&#8221;]<\/p>\n<h1> TRACTAMENT <\/h1>\n<p>[\/et_pb_text][\/et_pb_column][et_pb_column type=&#8221;1_4&#8243; _builder_version=&#8221;4.6.6&#8243; _module_preset=&#8221;default&#8221;][et_pb_divider divider_weight=&#8221;3px&#8221; disabled_on=&#8221;off|off|off&#8221; _builder_version=&#8221;4.6.6&#8243; _module_preset=&#8221;default&#8221; module_alignment=&#8221;center&#8221; custom_margin=&#8221;18px||||false|false&#8221; custom_margin_tablet=&#8221;0px||||false|false&#8221; custom_margin_phone=&#8221;-35px||||false|false&#8221; custom_margin_last_edited=&#8221;on|phone&#8221; custom_padding=&#8221;0px||||false|false&#8221;][\/et_pb_divider][\/et_pb_column][\/et_pb_row][et_pb_row column_structure=&#8221;1_2,1_2&#8243; _builder_version=&#8221;4.6.6&#8243; _module_preset=&#8221;default&#8221; custom_margin_tablet=&#8221;&#8221; custom_margin_phone=&#8221;-100px||||false|false&#8221; custom_margin_last_edited=&#8221;on|phone&#8221; custom_padding=&#8221;|||0px|false|false&#8221;][et_pb_column type=&#8221;1_2&#8243; _builder_version=&#8221;4.6.6&#8243; _module_preset=&#8221;default&#8221;][et_pb_text _builder_version=&#8221;4.6.6&#8243; _module_preset=&#8221;default&#8221; text_font_size=&#8221;19px&#8221; text_line_height=&#8221;1.4em&#8221; hover_enabled=&#8221;0&#8243; sticky_enabled=&#8221;0&#8243;]<\/p>\n<p><strong>Tractament m\u00e8dic:<\/strong><span>\u00a0<\/span>Evitar que les c\u00e8l\u00b7lules canceroses obtinguin les hormones que necessiten per multiplicar-se.<\/p>\n<p><strong>Vigil\u00e0ncia activa:<\/strong><span>\u00a0<\/span>Vigilant atentament el c\u00e0ncer de pr\u00f2stata del pacient mitjan\u00e7ant proves regulars de l\u2019antigen prost\u00e0tic espec\u00edfic i tacte rectal i bi\u00f2psies; nom\u00e9s s\u2019administra tractament si el c\u00e0ncer produeix s\u00edmptomes o mostra signes de que est\u00e0 creixent.<\/p>\n<p>[\/et_pb_text][\/et_pb_column][et_pb_column type=&#8221;1_2&#8243; _builder_version=&#8221;4.6.6&#8243; _module_preset=&#8221;default&#8221;][et_pb_text _builder_version=&#8221;4.6.6&#8243; _module_preset=&#8221;default&#8221; text_font_size=&#8221;19px&#8221; text_line_height=&#8221;1.4em&#8221; hover_enabled=&#8221;0&#8243; sticky_enabled=&#8221;0&#8243;]<\/p>\n<p><strong>Cirurgia:<\/strong><span>\u00a0<\/span>La prostatectomia \u00e9s una operaci\u00f3 on s\u2019extirpa la pr\u00f2stata.<\/p>\n<p><strong>Radioter\u00e0pia:<\/strong><span>\u00a0<\/span>L\u2019\u00fas dels raigs X d\u2019alta energia (radiaci\u00f3) per destruir el c\u00e0ncer.<\/p>\n<p>[\/et_pb_text][\/et_pb_column][\/et_pb_row][\/et_pb_section][et_pb_section fb_built=&#8221;1&#8243; fullwidth=&#8221;on&#8221; _builder_version=&#8221;4.6.6&#8243; _module_preset=&#8221;default&#8221;][et_pb_fullwidth_image src=&#8221;https:\/\/urologiaandorra.com\/wp-content\/uploads\/2020\/11\/banner-home-CAT.jpg&#8221; title_text=&#8221;banner-home-CAT&#8221; _builder_version=&#8221;4.6.6&#8243; _module_preset=&#8221;default&#8221;][\/et_pb_fullwidth_image][\/et_pb_section][et_pb_section fb_built=&#8221;1&#8243; _builder_version=&#8221;4.6.6&#8243; _module_preset=&#8221;default&#8221; background_color=&#8221;#d6d6d6&#8243; custom_padding=&#8221;17px||13px|||&#8221;][et_pb_row column_structure=&#8221;3_5,2_5&#8243; _builder_version=&#8221;4.6.6&#8243; _module_preset=&#8221;default&#8221;][et_pb_column type=&#8221;3_5&#8243; _builder_version=&#8221;4.6.6&#8243; _module_preset=&#8221;default&#8221;][\/et_pb_column][et_pb_column type=&#8221;2_5&#8243; _builder_version=&#8221;4.6.6&#8243; _module_preset=&#8221;default&#8221;][et_pb_image src=&#8221;https:\/\/urologiaandorra.com\/wp-content\/uploads\/2020\/11\/hospital-Nostra-senyora-meritxell.png&#8221; title_text=&#8221;hospital Nostra senyora meritxell&#8221; url=&#8221;https:\/\/saas.ad\/&#8221; url_new_window=&#8221;on&#8221; align=&#8221;right&#8221; _builder_version=&#8221;4.6.6&#8243; _module_preset=&#8221;default&#8221;][\/et_pb_image][\/et_pb_column][\/et_pb_row][\/et_pb_section]<\/p>\n","protected":false},"excerpt":{"rendered":"<p>[et_pb_section fb_built=&#8221;1&#8243; disabled_on=&#8221;on|on|off&#8221; _builder_version=&#8221;4.6.6&#8243; _module_preset=&#8221;default&#8221; custom_padding=&#8221;0px||4px||false|false&#8221;][et_pb_row _builder_version=&#8221;4.6.6&#8243; _module_preset=&#8221;default&#8221; custom_padding=&#8221;0px||||false|false&#8221;][et_pb_column type=&#8221;4_4&#8243; _builder_version=&#8221;4.6.6&#8243; _module_preset=&#8221;default&#8221;][et_pb_image src=&#8221;https:\/\/urologiaandorra.com\/wp-content\/uploads\/2020\/11\/enfermedades_page.jpg&#8221; title_text=&#8221;enfermedades_page&#8221; align=&#8221;center&#8221; force_fullwidth=&#8221;on&#8221; _builder_version=&#8221;4.6.6&#8243; _module_preset=&#8221;default&#8221;][\/et_pb_image][\/et_pb_column][\/et_pb_row][et_pb_row column_structure=&#8221;1_5,3_5,1_5&#8243; _builder_version=&#8221;4.6.6&#8243; _module_preset=&#8221;default&#8221; custom_padding=&#8221;36px||0px|||&#8221;][et_pb_column type=&#8221;1_5&#8243; _builder_version=&#8221;4.6.6&#8243; _module_preset=&#8221;default&#8221;][et_pb_divider divider_weight=&#8221;3px&#8221; disabled_on=&#8221;on|on|off&#8221; _builder_version=&#8221;4.6.6&#8243; _module_preset=&#8221;default&#8221; module_alignment=&#8221;center&#8221; custom_margin=&#8221;18px||||false|false&#8221; custom_margin_tablet=&#8221;0px||||false|false&#8221; custom_margin_phone=&#8221;&#8221; custom_margin_last_edited=&#8221;on|desktop&#8221;][\/et_pb_divider][\/et_pb_column][et_pb_column type=&#8221;3_5&#8243; _builder_version=&#8221;4.6.6&#8243; _module_preset=&#8221;default&#8221;][et_pb_text _builder_version=&#8221;4.6.6&#8243; _module_preset=&#8221;default&#8221; header_font=&#8221;Amiko|700|||||||&#8221; header_text_align=&#8221;center&#8221; header_text_color=&#8221;#009fe3&#8243; header_font_size=&#8221;33px&#8221; text_orientation=&#8221;center&#8221; header_font_size_tablet=&#8221;&#8221; header_font_size_phone=&#8221;25px&#8221; header_font_size_last_edited=&#8221;on|phone&#8221;] MALALTIES I TRACTAMENTS [\/et_pb_text][\/et_pb_column][et_pb_column type=&#8221;1_5&#8243; _builder_version=&#8221;4.6.6&#8243; _module_preset=&#8221;default&#8221;][et_pb_divider divider_weight=&#8221;3px&#8221; [&hellip;]<\/p>\n","protected":false},"author":2,"featured_media":0,"parent":0,"menu_order":0,"comment_status":"closed","ping_status":"closed","template":"","meta":{"_et_pb_use_builder":"on","_et_pb_old_content":"","_et_gb_content_width":"","footnotes":""},"class_list":["post-792","page","type-page","status-publish","hentry"],"_links":{"self":[{"href":"https:\/\/urologiaandorra.com\/ca\/wp-json\/wp\/v2\/pages\/792","targetHints":{"allow":["GET"]}}],"collection":[{"href":"https:\/\/urologiaandorra.com\/ca\/wp-json\/wp\/v2\/pages"}],"about":[{"href":"https:\/\/urologiaandorra.com\/ca\/wp-json\/wp\/v2\/types\/page"}],"author":[{"embeddable":true,"href":"https:\/\/urologiaandorra.com\/ca\/wp-json\/wp\/v2\/users\/2"}],"replies":[{"embeddable":true,"href":"https:\/\/urologiaandorra.com\/ca\/wp-json\/wp\/v2\/comments?post=792"}],"version-history":[{"count":5,"href":"https:\/\/urologiaandorra.com\/ca\/wp-json\/wp\/v2\/pages\/792\/revisions"}],"predecessor-version":[{"id":1016,"href":"https:\/\/urologiaandorra.com\/ca\/wp-json\/wp\/v2\/pages\/792\/revisions\/1016"}],"wp:attachment":[{"href":"https:\/\/urologiaandorra.com\/ca\/wp-json\/wp\/v2\/media?parent=792"}],"curies":[{"name":"wp","href":"https:\/\/api.w.org\/{rel}","templated":true}]}}